{"id":6,"date":"2025-08-06T19:27:28","date_gmt":"2025-08-06T19:27:28","guid":{"rendered":"https:\/\/compassionate-heyrovsky.139-59-214-173.plesk.page\/?page_id=6"},"modified":"2025-08-06T19:27:28","modified_gmt":"2025-08-06T19:27:28","slug":"startseite","status":"publish","type":"page","link":"https:\/\/tmttm.ocean-shared.partnerundsoehne.de\/","title":{"rendered":"Startseite"},"content":{"rendered":"<div id=\"cs-content\" class=\"cs-content\"><div class=\"x-section e6-e1 m6-0 m6-1\"><div class=\"x-row x-container max width e6-e2 m6-4 m6-5 m6-6\"><div class=\"x-row-inner\"><div class=\"x-col e6-e3 m6-a m6-b m6-c\"><a href=\"\/\" class=\"x-text x-text-headline e6-e4 m6-i m6-j m6-k m6-l\"><div class=\"x-text-content\"><div class=\"x-text-content-text\"><span class=\"x-text-content-text-primary\">TMTTM.COM<\/span>\n<\/div><\/div><\/a><\/div><div class=\"x-col e6-e5 m6-a m6-b m6-c\"><div class=\"x-text x-text-headline e6-e6 m6-i m6-j m6-k m6-l m6-m\"><div class=\"x-text-content\"><div class=\"x-text-content-text\"><span class=\"x-text-content-text-primary\">DE | EN<\/span>\n<\/div><\/div><\/div><\/div><\/div><\/div><div class=\"x-row x-container max width e6-e7 m6-4 m6-5 m6-7\"><div class=\"x-row-inner\"><div class=\"x-col e6-e8 m6-a m6-c m6-d m6-e\"><div class=\"x-row e6-e9 m6-4 m6-5 m6-8\"><div class=\"x-row-inner\"><div class=\"x-col e6-e10 m6-a m6-b m6-f m6-g\"><span class=\"x-image e6-e11 m6-q m6-r\"><img decoding=\"async\" src=\"https:\/\/tmttm.ocean-shared.partnerundsoehne.de\/wp-content\/uploads\/2025\/08\/pixel-max-1.png\" width=\"222\" height=\"472\" alt=\"Image\" loading=\"lazy\"><\/span><\/div><div class=\"x-col e6-e12 m6-a m6-b m6-g\"><div class=\"x-text x-text-headline e6-e13 m6-i m6-j m6-n m6-o\"><div class=\"x-text-content\"><div class=\"x-text-content-text\"><h2 class=\"x-text-content-text-primary\">About The Maxpert<\/h2>\n<\/div><\/div><\/div><div class=\"x-text x-content e6-e14 m6-t m6-u\"><p>Hi, ich bin MAX \u2013 Digital Marketing Specialist, Agenturinhaber, Vater.<\/p>\n<p>Meine Tage sind zu kurz und mein Kopf sprudelt vor Ideen. Mit tmttm.com m\u00f6chte ich einen Ort schaffen, der als Knowledge-Hub \u2013 einem Sammelsurium an Wissen und Maxperimenten \u2013 fungiert. Diese Seite ist gespickt mit random facts, chaotisch und an der einen oder anderen Stelle auch Dad Jokes \u00fcbers\u00e4t. Doch eines ist sie ganz bestimmt: hilfreich f\u00fcr alle, die neugierig genug sind.<\/p><\/div><\/div><\/div><\/div><\/div><\/div><\/div><\/div><div class=\"x-section e6-e15 m6-0 m6-2\"><div class=\"x-row x-container max width e6-e16 m6-4 m6-5 m6-9\"><div class=\"x-row-inner\"><a class=\"x-col e6-e17 m6-a m6-c m6-d m6-h m6-3\" href=\"https:\/\/tmttm.ocean-shared.partnerundsoehne.de\/index.php\/2025\/08\/03\/hello-world\/\" data-x-effect=\"{&quot;durationBase&quot;:&quot;500ms&quot;}\"><span class=\"x-image e6-e18 m6-q m6-s\"><img decoding=\"async\" src=\"https:\/\/tmttm.ocean-shared.partnerundsoehne.de\/wp-content\/uploads\/2025\/08\/1000_F_1517554613_JErx7vklBLof1f9l5Hls6RXNADigc2Zj.jpg\" width=\"500\" height=\"143\" alt=\"Hello world!\" loading=\"lazy\"><\/span><div class=\"x-text x-text-headline e6-e19 m6-i m6-k m6-o m6-p\"><div class=\"x-text-content\"><div class=\"x-text-content-text\"><h2 class=\"x-text-content-text-primary\">Hello world!<\/h2>\n<\/div><\/div><\/div><div class=\"x-text x-content e6-e20 m6-t m6-v\">Welcome to WordPress. This is your first post. Edit or delete it, then start writing!<\/div><span class=\"x-anchor x-anchor-button e6-e21 m6-w\" tabindex=\"0\"><div class=\"x-anchor-content\"><div class=\"x-anchor-text\"><span class=\"x-anchor-text-primary\">Open that door <\/span><\/div><\/div><\/span><\/a><\/div><\/div><\/div><\/div>\n","protected":false},"excerpt":{"rendered":"<p>TMTTM.COM DE | EN About The Maxpert Hi, ich bin MAX \u2013 Digital Marketing Specialist, Agenturinhaber, Vater. Meine Tage sind zu kurz und mein Kopf sprudelt vor Ideen. Mit tmttm.com m\u00f6chte ich einen Ort schaffen, der als Knowledge-Hub \u2013 einem Sammelsurium an Wissen und Maxperimenten \u2013 fungiert. Diese Seite ist gespickt mit random facts, chaotisch und an der einen oder &#8230; <\/p>\n<div><a href=\"https:\/\/tmttm.ocean-shared.partnerundsoehne.de\/\" class=\"more-link\">Read More<\/a><\/div>\n","protected":false},"author":1,"featured_media":0,"parent":0,"menu_order":0,"comment_status":"closed","ping_status":"closed","template":"template-blank-5.php","meta":{"_acf_changed":false,"footnotes":""},"class_list":["post-6","page","type-page","status-publish","hentry","no-post-thumbnail"],"acf":[],"_links":{"self":[{"href":"https:\/\/tmttm.ocean-shared.partnerundsoehne.de\/index.php\/wp-json\/wp\/v2\/pages\/6","targetHints":{"allow":["GET"]}}],"collection":[{"href":"https:\/\/tmttm.ocean-shared.partnerundsoehne.de\/index.php\/wp-json\/wp\/v2\/pages"}],"about":[{"href":"https:\/\/tmttm.ocean-shared.partnerundsoehne.de\/index.php\/wp-json\/wp\/v2\/types\/page"}],"author":[{"embeddable":true,"href":"https:\/\/tmttm.ocean-shared.partnerundsoehne.de\/index.php\/wp-json\/wp\/v2\/users\/1"}],"replies":[{"embeddable":true,"href":"https:\/\/tmttm.ocean-shared.partnerundsoehne.de\/index.php\/wp-json\/wp\/v2\/comments?post=6"}],"version-history":[{"count":8,"href":"https:\/\/tmttm.ocean-shared.partnerundsoehne.de\/index.php\/wp-json\/wp\/v2\/pages\/6\/revisions"}],"predecessor-version":[{"id":22,"href":"https:\/\/tmttm.ocean-shared.partnerundsoehne.de\/index.php\/wp-json\/wp\/v2\/pages\/6\/revisions\/22"}],"wp:attachment":[{"href":"https:\/\/tmttm.ocean-shared.partnerundsoehne.de\/index.php\/wp-json\/wp\/v2\/media?parent=6"}],"curies":[{"name":"wp","href":"https:\/\/api.w.org\/{rel}","templated":true}]}}